{"id":19,"date":"2025-11-14T17:50:44","date_gmt":"2025-11-14T16:50:44","guid":{"rendered":"http:\/\/gamonal.test\/?page_id=19"},"modified":"2026-01-15T11:30:23","modified_gmt":"2026-01-15T10:30:23","slug":"benalmadena","status":"publish","type":"page","link":"https:\/\/gamonalsuites.com\/es\/benalmadena\/","title":{"rendered":"Benalm\u00e1dena"},"content":{"rendered":"<section id=\"booking\" class=\"w-full h-[50vh] lg:h-[80vh] xl:h-[70vh] relative flex items-center justify-center overflow-hidden\">\n\n    <div class=\"w-full h-full swiper-hero overflow-hidden\">\n        <div class=\"swiper-wrapper\">\n                            <div class=\"swiper-slide\">\n                    <div class=\"flex flex-col items-center justify-center gap-2 xl:gap-10 w-full h-full bg-center bg-cover xl:pb-72 2xl:pb-60 xl:pt-64 2xl:pt-40 relative text-center\"\n                        style=\"background-image: url('https:\/\/gamonalsuites.com\/wp-content\/uploads\/2025\/12\/vista-aerea-de-la-marina-y-la-costa-de-benalmadena-en-espanajpg-scaled.webp');\">\n\n                                                                                    <h1\n                                    class=\"z-10 title-mix white text-3xl sm:text-4xl lg:text-5xl text-white font-agrandir-light\">\n                                    <p>Vive<\/p>\n<p><em>Benalm\u00e1dena<\/em><\/p>\n<\/h1>\n                                                    \n                        <div class=\"bg-primary\/10 w-full h-full absolute top-0 left-0 pointer-events-none select-none\">\n                        <\/div>\n                    <\/div>\n                <\/div>\n                    <\/div>\n    <\/div>\n\n    <div class=\"absolute bottom-4 sm:bottom-6 xl:bottom-10 z-10 flex flex-col items-center justify-center gap-4 xl:gap-6 px-4 sm:px-6 xl:px-10 2xl:px-32 w-full\">\n\n        <div class=\"flex items-center justify-center\">\n            <div class=\"swiper-hero-pagination\"><\/div>\n        <\/div>\n\n            <\/div>\n<\/section>\n\n            <nav\n            class=\"flex flex-col items-start justify-center py-4 max-w-sm sm:max-w-2xl lg:max-w-4xl xl:max-w-5xl 2xl:max-w-screen-2xl mx-auto gap-20 w-full text-xs sm:text-sm xl:text-base\">\n            <ul class=\"flex flex-row gap-2 items-center font-merry\">\n                                    <li class=\"flex items-center\">\n                                                    <a href=\"https:\/\/gamonalsuites.com\/es\/\"\n                                class=\"text-primary hover:underline\">Gamonal<\/a>\n                        \n                                            <\/li>\n                            <\/ul>\n        <\/nav>\n    \n\n<section class=\"1\"\n    style=\"background-color:\n    \">\n    <div\n        class=\"flex flex-col items-center py-10 sm:py-16 lg:py-20 xl:py-24 px-4 sm:px-6 lg:px-8 max-w-4xl mx-auto gap-8 sm:gap-10 lg:gap-16 xl:gap-20\">\n        \n        <div\n            class=\"w-full  flex flex-col items-center text-center justify-start gap-4 sm:gap-5 lg:gap-6\">\n                        <h2\n                class=\"title-mix not-bigger text-3xl sm:text-4xl lg:text-5xl text-foreground font-agrandir-light text-primary\">\n                Benalm\u00e1dena, el coraz\u00f3n <em>estrat\u00e9gico de la Costa del Sol<\/em>\n                <\/h2>\n                                        <div class=\"prose prose-base sm:prose-lg text-primary\"><p>A medio camino <strong>entre M\u00e1laga capital y Marbella<\/strong>, Benalm\u00e1dena se ha convertido en uno de los puntos mejor conectados de toda la provincia. A solo minutos del aeropuerto internacional de M\u00e1laga, con acceso directo a la autov\u00eda y excelentes conexiones de tren y bus, es el lugar perfecto para moverte f\u00e1cilmente por toda la <strong>Costa del Sol.<\/strong> Desde aqu\u00ed podr\u00e1s disfrutar de playas incre\u00edbles, puertos deportivos, parques tem\u00e1ticos, rutas de monta\u00f1a, pueblos con encanto y una oferta gastron\u00f3mica y cultural de primer nivel.<\/p>\n<p><strong>Hospedarte en Benalm\u00e1dena significa estar cerca de todo\u2026 y sentir que todo est\u00e1 a tu alcance.<\/strong><\/p>\n<\/div>\n                                                                        <a class=\"btn-tertiary\" href=\"\/wp-content\/uploads\/2026\/01\/Places-to-visit-up.pdf\"\n                            target=\"_blank\">Ver planes<\/a>\n                                            <\/div>\n    <\/div>\n<\/section>\n\n\n<section id=\"galeria\"\n    class=\"max-w-screen-2xl mx-auto w-full py-12 sm:py-14 lg:py-16 xl:py-18 2xl:py-20 relative flex flex-col items-center justify-center text-center px-4 sm:px-6 lg:px-8 xl:px-10 2xl:px-0\">\n    \n    <div\n        class=\"w-full grid grid-cols-2 sm:grid-cols-2 lg:grid-cols-3 xl:grid-cols-3 2xl:grid-cols-3 gap-2 sm:gap-0 relative items-center justify-center\">\n                    <div class=\"galeria-bubble w-full sm:w-full lg:w-3\/4 lg:mx-auto h-fit rounded-lg sm:rounded-lg lg:rounded-full border-2 sm:border-2 lg:border-3 xl:border-4 2xl:border-4 border-white overflow-hidden relative lg:translate-x-20 xl:translate-x-32 2xl:translate-x-40 lg:translate-y-6 xl:translate-y-8 2xl:translate-y-10\">\n                <div class=\"galeria-image w-full !aspect-[1\/1] rounded-lg sm:rounded-lg lg:rounded-full overflow-hidden\">\n                    <img decoding=\"async\" src=\"https:\/\/gamonalsuites.com\/wp-content\/uploads\/2025\/12\/P1130669-HDR.webp\" alt=\"\" class=\"w-full h-full object-cover\">\n                <\/div>\n            <\/div>\n                    <div class=\"galeria-bubble w-full sm:w-full lg:w-3\/4 lg:mx-auto h-fit rounded-lg sm:rounded-lg lg:rounded-full border-2 sm:border-2 lg:border-3 xl:border-4 2xl:border-4 border-white overflow-hidden relative lg:translate-y-1\/3 xl:translate-y-1\/3 2xl:translate-y-1\/3 z-30\">\n                <div class=\"galeria-image w-full !aspect-[1\/1] rounded-lg sm:rounded-lg lg:rounded-full overflow-hidden\">\n                    <img decoding=\"async\" src=\"https:\/\/gamonalsuites.com\/wp-content\/uploads\/2025\/12\/P1130639.webp\" alt=\"\" class=\"w-full h-full object-cover\">\n                <\/div>\n            <\/div>\n                    <div class=\"galeria-bubble w-full sm:w-full lg:w-full h-fit rounded-lg sm:rounded-lg lg:rounded-full border-2 sm:border-2 lg:border-3 xl:border-4 2xl:border-4 border-white overflow-hidden relative lg:-translate-x-16 xl:-translate-x-24 2xl:-translate-x-32 lg:-translate-y-6 xl:-translate-y-8 2xl:-translate-y-10\">\n                <div class=\"galeria-image w-full !aspect-[1\/1] rounded-lg sm:rounded-lg lg:rounded-full overflow-hidden\">\n                    <img decoding=\"async\" src=\"https:\/\/gamonalsuites.com\/wp-content\/uploads\/2025\/12\/P1130257.webp\" alt=\"\" class=\"w-full h-full object-cover\">\n                <\/div>\n            <\/div>\n                    <div class=\"galeria-bubble w-full sm:w-full lg:w-full h-fit rounded-lg sm:rounded-lg lg:rounded-full border-2 sm:border-2 lg:border-3 xl:border-4 2xl:border-4 border-white overflow-hidden relative lg:translate-x-32 xl:translate-x-48 2xl:translate-x-60 lg:-translate-y-6 xl:-translate-y-8 2xl:-translate-y-10\">\n                <div class=\"galeria-image w-full !aspect-[1\/1] rounded-lg sm:rounded-lg lg:rounded-full overflow-hidden\">\n                    <img decoding=\"async\" src=\"https:\/\/gamonalsuites.com\/wp-content\/uploads\/2025\/12\/P1130221.webp\" alt=\"\" class=\"w-full h-full object-cover\">\n                <\/div>\n            <\/div>\n                    <div class=\"galeria-bubble w-full sm:w-full lg:w-full h-fit rounded-lg sm:rounded-lg lg:rounded-full border-2 sm:border-2 lg:border-3 xl:border-4 2xl:border-4 border-white overflow-hidden relative lg:translate-x-32 xl:translate-x-48 2xl:translate-x-60 lg:-translate-y-12 xl:-translate-y-16 2xl:-translate-y-20\">\n                <div class=\"galeria-image w-full !aspect-[1\/1] rounded-lg sm:rounded-lg lg:rounded-full overflow-hidden\">\n                    <img decoding=\"async\" src=\"https:\/\/gamonalsuites.com\/wp-content\/uploads\/2025\/12\/P1130745.webp\" alt=\"\" class=\"w-full h-full object-cover\">\n                <\/div>\n            <\/div>\n            <\/div>\n<\/section>\n\n\n<section id=\"lugares\"\n    class=\"max-w-screen-2xl mx-auto w-full py-10 sm:py-12 lg:py-16 xl:py-20 2xl:py-20 mt-8 sm:mt-10 lg:mt-12 xl:mt-16 2xl:mt-20 relative px-4 sm:px-6 lg:px-8 xl:px-10 2xl:px-0\">\n    <div class=\"w-full relative flex flex-col\">\n        <div\n            class=\"w-full bg-primary sticky top-[50vh] z-[5] rounded-3xl sm:rounded-[3rem] lg:rounded-[4rem] xl:rounded-[5rem] 2xl:rounded-[5rem] pinned-bar grid grid-cols-1 sm:grid-cols-2 lg:grid-cols-2 xl:grid-cols-2 2xl:grid-cols-2 items-center justify-center py-4 sm:py-4 lg:py-4 xl:py-4 2xl:py-4 px-6 sm:px-0\">\n            <div\n                class=\"text-[0.65rem] sm:text-base lg:text-lg xl:text-xl 2xl:text-xl text-background sm:mx-auto text-right sm:text-left\">\n                <p><strong>Lugares<\/strong> cerca de Benalm\u00e1dena<\/p>\n<\/div>\n        <\/div>\n\n                    <div class=\"grid grid-cols-1 sm:grid-cols-2 lg:grid-cols-2 xl:grid-cols-2 2xl:grid-cols-2 item-row item-row-first\">\n                <div class=\"hidden sm:block\"><\/div>\n                <div\n                    class=\"flex flex-row items-center justify-start gap-4 sm:gap-6 lg:gap-8 xl:gap-10 2xl:gap-10 item-wrapper relative z-10 py-2 sm:py-3 lg:py-4 xl:py-4 2xl:py-4\">\n                    <img decoding=\"async\" src=\"https:\/\/gamonalsuites.com\/wp-content\/uploads\/2025\/11\/Iconos-web_playa.webp\" class=\"h-10 sm:h-12 lg:h-14 xl:h-16 2xl:h-20\">\n\n                    <div\n                        class=\"flex flex-col sm:flex-row lg:flex-row xl:flex-row 2xl:flex-row item-text-group gap-1 sm:gap-2 lg:gap-3 xl:gap-4 2xl:gap-4\">\n                        <h3 class=\"item-title text-sm sm:text-base lg:text-lg xl:text-xl 2xl:text-xl uppercase\">\n                            Playa<\/h3>\n                        <span\n                            class=\"item-distance text-xs sm:text-sm lg:text-base xl:text-base 2xl:text-base\">(600 m)<\/span>\n                    <\/div>\n                <\/div>\n            <\/div>\n                    <div class=\"grid grid-cols-1 sm:grid-cols-2 lg:grid-cols-2 xl:grid-cols-2 2xl:grid-cols-2 item-row\">\n                <div class=\"hidden sm:block\"><\/div>\n                <div\n                    class=\"flex flex-row items-center justify-start gap-4 sm:gap-6 lg:gap-8 xl:gap-10 2xl:gap-10 item-wrapper relative z-10 py-2 sm:py-3 lg:py-4 xl:py-4 2xl:py-4\">\n                    <img decoding=\"async\" src=\"https:\/\/gamonalsuites.com\/wp-content\/uploads\/2025\/11\/Iconos-web_aeropuerto.webp\" class=\"h-10 sm:h-12 lg:h-14 xl:h-16 2xl:h-20\">\n\n                    <div\n                        class=\"flex flex-col sm:flex-row lg:flex-row xl:flex-row 2xl:flex-row item-text-group gap-1 sm:gap-2 lg:gap-3 xl:gap-4 2xl:gap-4\">\n                        <h3 class=\"item-title text-sm sm:text-base lg:text-lg xl:text-xl 2xl:text-xl uppercase\">\n                            Aeropuerto<\/h3>\n                        <span\n                            class=\"item-distance text-xs sm:text-sm lg:text-base xl:text-base 2xl:text-base\">(10 km)<\/span>\n                    <\/div>\n                <\/div>\n            <\/div>\n                    <div class=\"grid grid-cols-1 sm:grid-cols-2 lg:grid-cols-2 xl:grid-cols-2 2xl:grid-cols-2 item-row\">\n                <div class=\"hidden sm:block\"><\/div>\n                <div\n                    class=\"flex flex-row items-center justify-start gap-4 sm:gap-6 lg:gap-8 xl:gap-10 2xl:gap-10 item-wrapper relative z-10 py-2 sm:py-3 lg:py-4 xl:py-4 2xl:py-4\">\n                    <img decoding=\"async\" src=\"https:\/\/gamonalsuites.com\/wp-content\/uploads\/2025\/11\/Iconos-web_puerto.webp\" class=\"h-10 sm:h-12 lg:h-14 xl:h-16 2xl:h-20\">\n\n                    <div\n                        class=\"flex flex-col sm:flex-row lg:flex-row xl:flex-row 2xl:flex-row item-text-group gap-1 sm:gap-2 lg:gap-3 xl:gap-4 2xl:gap-4\">\n                        <h3 class=\"item-title text-sm sm:text-base lg:text-lg xl:text-xl 2xl:text-xl uppercase\">\n                            Puerto Marina<\/h3>\n                        <span\n                            class=\"item-distance text-xs sm:text-sm lg:text-base xl:text-base 2xl:text-base\">(1 km)<\/span>\n                    <\/div>\n                <\/div>\n            <\/div>\n                    <div class=\"grid grid-cols-1 sm:grid-cols-2 lg:grid-cols-2 xl:grid-cols-2 2xl:grid-cols-2 item-row\">\n                <div class=\"hidden sm:block\"><\/div>\n                <div\n                    class=\"flex flex-row items-center justify-start gap-4 sm:gap-6 lg:gap-8 xl:gap-10 2xl:gap-10 item-wrapper relative z-10 py-2 sm:py-3 lg:py-4 xl:py-4 2xl:py-4\">\n                    <img decoding=\"async\" src=\"https:\/\/gamonalsuites.com\/wp-content\/uploads\/2025\/11\/Iconos-web_centro.webp\" class=\"h-10 sm:h-12 lg:h-14 xl:h-16 2xl:h-20\">\n\n                    <div\n                        class=\"flex flex-col sm:flex-row lg:flex-row xl:flex-row 2xl:flex-row item-text-group gap-1 sm:gap-2 lg:gap-3 xl:gap-4 2xl:gap-4\">\n                        <h3 class=\"item-title text-sm sm:text-base lg:text-lg xl:text-xl 2xl:text-xl uppercase\">\n                            M\u00e1laga Centro<\/h3>\n                        <span\n                            class=\"item-distance text-xs sm:text-sm lg:text-base xl:text-base 2xl:text-base\">(18 km)<\/span>\n                    <\/div>\n                <\/div>\n            <\/div>\n            <\/div>\n\n    <img decoding=\"async\" class=\"blue-tail absolute bottom-0 -left-1\/4 sm:-left-1\/3 lg:-left-1\/2 xl:-left-1\/2 2xl:-left-1\/2 rotate-180 w-full\"\n        src=\"https:\/\/gamonalsuites.com\/wp-content\/themes\/nube-builder\/public\/images\/blue_wave.680248.svg\">\n<\/section>\n\n\n<div class=\"w-full overflow-x-hidden flex\">\n    <section id=\"texto-imagen\"\n        class=\"max-w-screen-2xl mx-auto w-full py-10 grid grid-cols-1 lg:grid-cols-2 items-center justify-center gap-8 lg:gap-0 text-center\">\n\n        <div class=\"w-full relative flex items-center justify-center order-1 lg:order-2\">\n            <div class=\"w-2\/3 sm:w-1\/2 lg:w-full h-fit rounded-full border-2 sm:border-3 lg:border-4 border-primary p-1 sm:p-1.5 lg:p-1.5 overflow-hidden relative lg:absolute lg:-right-1\/3\">\n                <div class=\"w-full !aspect-[1\/1] rounded-full overflow-hidden\">\n                                            <img decoding=\"async\" src=\"https:\/\/gamonalsuites.com\/wp-content\/uploads\/2025\/12\/P1130221.webp\" alt=\"\" class=\"w-full h-full object-cover\">\n                                    <\/div>\n            <\/div>\n\n            <div\n                class=\"hidden lg:block w-full h-fit rounded-full border-4 border-primary p-1.5 overflow-hidden opacity-0\">\n                <div class=\"w-full !aspect-[1\/1] rounded-full overflow-hidden\">\n                <\/div>\n            <\/div>\n\n            <img decoding=\"async\" src=\"https:\/\/gamonalsuites.com\/wp-content\/themes\/nube-builder\/public\/images\/double_wave.c0978a.svg\"\n                class=\"double-wave absolute right-0 w-1\/4 sm:w-1\/3 lg:w-2\/3\">\n        <\/div>\n\n        <div class=\"w-full h-full flex flex-col items-center justify-center gap-6 lg:gap-10 order-2 lg:order-1\">\n            <h2\n                class=\"title-mix text-3xl sm:text-4xl lg:text-4xl xl:text-5xl 2xl:text-5xl text-foreground font-agrandir-light px-6\">\n                <p>Benalm\u00e1dena,<\/p>\n<p><em>el destino que todo lo conecta<\/em><\/p>\n<\/h2>\n\n            \n                    <\/div>\n    <\/section>\n<\/div>\n\n\n<div class=\"w-full overflow-hidden relative\">\n    <div class=\"w-full flex justify-center\">\n        <img decoding=\"async\" class=\"w-1\/3 sm:w-1\/4 lg:w-1\/5 xl:w-1\/6 2xl:w-1\/6 rotate-180\" src=\"https:\/\/gamonalsuites.com\/wp-content\/themes\/nube-builder\/public\/images\/blue_wave.680248.svg\"\n            alt=\"Wave decoration\">\n    <\/div>\n\n    <section\n        class=\"max-w-screen-2xl mx-auto w-full py-6 sm:py-8 lg:py-10 xl:py-10 2xl:py-10 relative flex flex-col items-center justify-center gap-4 sm:gap-5 lg:gap-6 xl:gap-7 2xl:gap-8 px-4 sm:px-6 lg:px-8 xl:px-10 2xl:px-0\"\n        data-weather-widget data-latitude=\"36.5991\" data-longitude=\"-4.5161\"\n        data-location=\"Benalm\u00e1dena\">\n\n        <div class=\"flex items-center justify-center gap-3 sm:gap-4 lg:gap-5 xl:gap-6 2xl:gap-6\">\n            <div class=\"text-base sm:text-lg lg:text-xl xl:text-xl 2xl:text-xl text-foreground\" data-weather-time>\n                &#8211;:&#8211;\n            <\/div>\n            <div class=\"text-4xl sm:text-5xl lg:text-5xl xl:text-6xl 2xl:text-6xl\" data-weather-icon>\n                \u2600\ufe0f\n            <\/div>\n            <div class=\"text-base sm:text-lg lg:text-xl xl:text-xl 2xl:text-xl text-foreground\" data-weather-temp>\n                &#8211;\u00b0\n            <\/div>\n        <\/div>\n\n        <h2\n            class=\"title-mix not-bigger text-3xl sm:text-3xl lg:text-4xl xl:text-5xl 2xl:text-5xl font-agrandir-light text-foreground text-center\">\n            El tiempo en <em>Benalm\u00e1dena<\/em>\n        <\/h2>\n\n        <div class=\"text-lg sm:text-xl lg:text-xl xl:text-2xl 2xl:text-2xl font-agrandir-light text-foreground\"\n            data-weather-date>\n            &#8211;\/&#8211;\/&#8212;-\n        <\/div>\n    <\/section>\n\n    <div class=\"w-full flex justify-center\">\n        <img decoding=\"async\" class=\"w-1\/3 sm:w-1\/4 lg:w-1\/5 xl:w-1\/6 2xl:w-1\/6\" src=\"https:\/\/gamonalsuites.com\/wp-content\/themes\/nube-builder\/public\/images\/blue_wave.680248.svg\"\n            alt=\"Wave decoration\">\n    <\/div>\n<\/div>\n\n\n<div class=\"w-full overflow-x-hidden\">\n    <section\n        class=\"max-w-screen-2xl mx-auto w-full py-8 sm:py-10 lg:py-14 xl:py-16 2xl:py-20 relative flex flex-col items-center justify-center gap-6 sm:gap-8 lg:gap-10 xl:gap-12 2xl:gap-16\">\n\n        \n                    <h2\n                class=\"title-mix text-2xl sm:text-3xl lg:text-4xl xl:text-5xl 2xl:text-5xl text-foreground font-agrandir-light text-center px-4 sm:px-6 lg:px-12 xl:px-16 2xl:px-20\">\n                <p><em>Los mejores planes<\/em><\/p>\n<p>en Benalm\u00e1dena<\/p>\n\n            <\/h2>\n        \n        \n                    <div\n                class=\"flex flex-col gap-8 sm:gap-10 lg:gap-10 xl:gap-12 2xl:gap-16 w-full px-4 sm:px-6 lg:px-12 xl:px-16 2xl:px-20\">\n                                    \n                    <div\n                        class=\"flex flex-col sm:flex-col lg:flex-row xl:flex-row 2xl:flex-row items-center justify-between gap-4 sm:gap-6 lg:gap-8 xl:gap-10 2xl:gap-10 w-full \">\n\n                        \n                        <div\n                            class=\"flex-1 flex flex-col items-center justify-center gap-2 sm:gap-3 lg:gap-4 xl:gap-5 2xl:gap-6 text-center order-1 lg:order-none\">\n                                                            <h3\n                                    class=\"text-lg sm:text-xl lg:text-2xl xl:text-3xl 2xl:text-3xl font-agrandir-light text-tertiary\">\n                                    Rutas de senderismo en Benalm\u00e1dena\n                                <\/h3>\n                            \n                                                            <div class=\"prose prose-sm sm:prose-base lg:prose-lg text-foreground\">\n                                    <p>Descubre las 5 rutas m\u00e1s top de senderismo para hacer en Benalm\u00e1dena. Explorar Benalm\u00e1dena a pie es descubrir otro lado de la Costa del Sol: uno lleno de naturaleza, miradores impresionantes y senderos que conectan el mar con la monta\u00f1a. M\u00e1s all\u00e1 de sus playas y ambiente mediterr\u00e1neo&#8230;<\/p>\n\n                                <\/div>\n                            \n                                                    <\/div>\n\n                        \n                                                    <div\n                                class=\"w-40 sm:w-48 lg:w-64 xl:w-72 2xl:w-96 aspect-square rounded-full overflow-hidden border-2 sm:border-2 lg:border-3 xl:border-4 2xl:border-4 border-primary p-1 sm:p-1 lg:p-1.5 xl:p-1.5 2xl:p-1.5 order-0 lg:order-none\">\n                                <img decoding=\"async\" src=\"https:\/\/gamonalsuites.com\/wp-content\/uploads\/2025\/12\/P1130653.webp\"\n                                    alt=\"Rutas de senderismo en Benalm\u00e1dena\"\n                                    class=\"w-full h-full object-cover rounded-full\">\n                            <\/div>\n                        \n                    <\/div>\n                                    \n                    <div\n                        class=\"flex flex-col sm:flex-col lg:flex-row xl:flex-row 2xl:flex-row items-center justify-between gap-4 sm:gap-6 lg:gap-8 xl:gap-10 2xl:gap-10 w-full lg:flex-row-reverse xl:flex-row-reverse 2xl:flex-row-reverse\">\n\n                        \n                        <div\n                            class=\"flex-1 flex flex-col items-center justify-center gap-2 sm:gap-3 lg:gap-4 xl:gap-5 2xl:gap-6 text-center order-1 lg:order-none\">\n                                                            <h3\n                                    class=\"text-lg sm:text-xl lg:text-2xl xl:text-3xl 2xl:text-3xl font-agrandir-light text-tertiary\">\n                                    Visita al Castillo Monumento Colomares\n                                <\/h3>\n                            \n                                                            <div class=\"prose prose-sm sm:prose-base lg:prose-lg text-foreground\">\n                                    <p>Visita el Castillo Monumento Colomares, un recorrido por la historia como homenaje a Crist\u00f3bal Col\u00f3n y el Descubrimiento de Am\u00e9rica a trav\u00e9s de s\u00edmbolos y grabados que encontrar\u00e1s en este monumento de diversos estilos arquitect\u00f3nicos. Fue construido por el Doctor Esteban Mart\u00edn y Mart\u00edn, con la ayuda de dos alba\u00f1iles del cercano pueblo de Mijas, entre los a\u00f1os 1987 y 1994. Puedes conocer m\u00e1s sobre sus horarios y precios de entradas <a href=\"https:\/\/www.castillomonumentocolomares.com\/\" target=\"_blank\" rel=\"noopener\">aqu\u00ed<\/a>. <\/p>\n\n                                <\/div>\n                            \n                                                    <\/div>\n\n                        \n                                                    <div\n                                class=\"w-40 sm:w-48 lg:w-64 xl:w-72 2xl:w-96 aspect-square rounded-full overflow-hidden border-2 sm:border-2 lg:border-3 xl:border-4 2xl:border-4 border-primary p-1 sm:p-1 lg:p-1.5 xl:p-1.5 2xl:p-1.5 order-0 lg:order-none\">\n                                <img decoding=\"async\" src=\"https:\/\/gamonalsuites.com\/wp-content\/uploads\/2025\/12\/proertyCastillo-Aguilas-150121-HR-1jpg.webp\"\n                                    alt=\"Visita al Castillo Monumento Colomares\"\n                                    class=\"w-full h-full object-cover rounded-full\">\n                            <\/div>\n                        \n                    <\/div>\n                                    \n                    <div\n                        class=\"flex flex-col sm:flex-col lg:flex-row xl:flex-row 2xl:flex-row items-center justify-between gap-4 sm:gap-6 lg:gap-8 xl:gap-10 2xl:gap-10 w-full \">\n\n                        \n                        <div\n                            class=\"flex-1 flex flex-col items-center justify-center gap-2 sm:gap-3 lg:gap-4 xl:gap-5 2xl:gap-6 text-center order-1 lg:order-none\">\n                                                            <h3\n                                    class=\"text-lg sm:text-xl lg:text-2xl xl:text-3xl 2xl:text-3xl font-agrandir-light text-tertiary\">\n                                    Telef\u00e9rico de Benalm\u00e1dena\n                                <\/h3>\n                            \n                                                            <div class=\"prose prose-sm sm:prose-base lg:prose-lg text-foreground\">\n                                    <p>Disfruta las mejores vistas de Benalm\u00e1dena y la Costa del Sol en una visita \u00fanica al Telef\u00e9rico de Benalm\u00e1dena. Desde el centro de Arroyo de la Miel, donde encontrar\u00e1s la estaci\u00f3n de salida, s\u00fabete a las cabinas del telef\u00e9rico y recorre 3 kil\u00f3metros en 15 minutos. Adem\u00e1s, podr\u00e1s conocer todas las actividades y planes que organizan desde este sitio de inter\u00e9s para toda la familia. M\u00e1s informaci\u00f3n y entradas: <a href=\"https:\/\/www.telefericobenalmadena.com\/\" target=\"_blank\" rel=\"noopener\">aqu\u00ed.\u00a0<\/a><\/p>\n\n                                <\/div>\n                            \n                                                    <\/div>\n\n                        \n                                                    <div\n                                class=\"w-40 sm:w-48 lg:w-64 xl:w-72 2xl:w-96 aspect-square rounded-full overflow-hidden border-2 sm:border-2 lg:border-3 xl:border-4 2xl:border-4 border-primary p-1 sm:p-1 lg:p-1.5 xl:p-1.5 2xl:p-1.5 order-0 lg:order-none\">\n                                <img decoding=\"async\" src=\"https:\/\/gamonalsuites.com\/wp-content\/uploads\/2025\/12\/556256560.webp\"\n                                    alt=\"Telef\u00e9rico de Benalm\u00e1dena\"\n                                    class=\"w-full h-full object-cover rounded-full\">\n                            <\/div>\n                        \n                    <\/div>\n                            <\/div>\n        \n    <\/section>\n<\/div>\n","protected":false},"excerpt":{"rendered":"","protected":false},"author":1,"featured_media":0,"parent":0,"menu_order":0,"comment_status":"closed","ping_status":"closed","template":"","meta":{"_acf_changed":false,"inline_featured_image":false,"footnotes":""},"class_list":["post-19","page","type-page","status-publish","hentry"],"acf":[],"_links":{"self":[{"href":"https:\/\/gamonalsuites.com\/es\/wp-json\/wp\/v2\/pages\/19","targetHints":{"allow":["GET"]}}],"collection":[{"href":"https:\/\/gamonalsuites.com\/es\/wp-json\/wp\/v2\/pages"}],"about":[{"href":"https:\/\/gamonalsuites.com\/es\/wp-json\/wp\/v2\/types\/page"}],"author":[{"embeddable":true,"href":"https:\/\/gamonalsuites.com\/es\/wp-json\/wp\/v2\/users\/1"}],"replies":[{"embeddable":true,"href":"https:\/\/gamonalsuites.com\/es\/wp-json\/wp\/v2\/comments?post=19"}],"version-history":[{"count":22,"href":"https:\/\/gamonalsuites.com\/es\/wp-json\/wp\/v2\/pages\/19\/revisions"}],"predecessor-version":[{"id":848,"href":"https:\/\/gamonalsuites.com\/es\/wp-json\/wp\/v2\/pages\/19\/revisions\/848"}],"wp:attachment":[{"href":"https:\/\/gamonalsuites.com\/es\/wp-json\/wp\/v2\/media?parent=19"}],"curies":[{"name":"wp","href":"https:\/\/api.w.org\/{rel}","templated":true}]}}