{"id":23,"date":"2025-11-14T17:52:03","date_gmt":"2025-11-14T16:52:03","guid":{"rendered":"http:\/\/gamonal.test\/?page_id=23"},"modified":"2026-01-14T12:46:20","modified_gmt":"2026-01-14T11:46:20","slug":"aviso-legal","status":"publish","type":"page","link":"https:\/\/gamonalsuites.com\/es\/aviso-legal\/","title":{"rendered":"Aviso Legal"},"content":{"rendered":"<section id=\"booking\" class=\"w-full h-[50vh] lg:h-[80vh] xl:h-[70vh] relative flex items-center justify-center overflow-hidden\">\n\n    <div class=\"w-full h-full swiper-hero overflow-hidden\">\n        <div class=\"swiper-wrapper\">\n                            <div class=\"swiper-slide\">\n                    <div class=\"flex flex-col items-center justify-center gap-2 xl:gap-10 w-full h-full bg-center bg-cover xl:pb-72 2xl:pb-60 xl:pt-64 2xl:pt-40 relative text-center\"\n                        style=\"background-image: url('https:\/\/gamonalsuites.com\/wp-content\/uploads\/2025\/12\/P1130639.webp');\">\n\n                                                                                    <h1\n                                    class=\"z-10 title-mix white text-3xl sm:text-4xl lg:text-5xl text-white font-agrandir-light\">\n                                    <p>Aviso<\/p>\n<p><em>Legal<\/em><\/p>\n<\/h1>\n                                                    \n                        <div class=\"bg-primary\/10 w-full h-full absolute top-0 left-0 pointer-events-none select-none\">\n                        <\/div>\n                    <\/div>\n                <\/div>\n                    <\/div>\n    <\/div>\n\n    <div class=\"absolute bottom-4 sm:bottom-6 xl:bottom-10 z-10 flex flex-col items-center justify-center gap-4 xl:gap-6 px-4 sm:px-6 xl:px-10 2xl:px-32 w-full\">\n\n        <div class=\"flex items-center justify-center\">\n            <div class=\"swiper-hero-pagination\"><\/div>\n        <\/div>\n\n            <\/div>\n<\/section>\n\n            <nav\n            class=\"flex flex-col items-start justify-center py-4 max-w-sm sm:max-w-2xl lg:max-w-4xl xl:max-w-5xl 2xl:max-w-screen-2xl mx-auto gap-20 w-full text-xs sm:text-sm xl:text-base\">\n            <ul class=\"flex flex-row gap-2 items-center font-merry\">\n                                    <li class=\"flex items-center\">\n                                                    <a href=\"https:\/\/gamonalsuites.com\/es\/\"\n                                class=\"text-primary hover:underline\">Gamonal<\/a>\n                        \n                                            <\/li>\n                            <\/ul>\n        <\/nav>\n    \n\n<section class=\"container mx-auto py-10 2xl:px-0 xl:px-20 px-10\">\n            <h2 class=\"text-3xl sm:text-4xl lg:text-5xl xl:text-6xl 2xl:text-6xl text-foreground font-agrandir-light mb-6\">\n            Identificaci\u00f3n del titular de la web\n        <\/h2>\n    \n            <div class=\"text-base mx-auto text-primary\">\n            <p>En cumplimiento de lo establecido en la Ley 34\/2002, de 11 de julio, de Servicios de la Sociedad de la Informaci\u00f3n y Comercio Electr\u00f3nico (LSSI-CE), se informa que la presente p\u00e1gina web (www.gamonalsuites.com) es titularidad de:<\/p>\n<p>\u2022 Raz\u00f3n social: TAPA S.L.<br \/>\n\u2022 CIF:B41795311<br \/>\n\u2022 Domicilio social:Av. J.L. Peralta 49 Benalmadena 29639 Malaga<br \/>\n\u2022 Email de contacto: booking@gamonalsuites.com<br \/>\n\u2022 Tel\u00e9fono: 34 656 393 525<\/p>\n\n        <\/div>\n    \n<\/section>\n\n<section class=\"container mx-auto py-10 2xl:px-0 xl:px-20 px-10\">\n            <h2 class=\"text-3xl sm:text-4xl lg:text-5xl xl:text-6xl 2xl:text-6xl text-foreground font-agrandir-light mb-6\">\n            Objeto\n        <\/h2>\n    \n            <div class=\"text-base mx-auto text-primary\">\n            <p>El presente Aviso Legal regula el acceso, navegaci\u00f3n y uso del sitio web www.gamonalsuites.com, as\u00ed como las responsabilidades derivadas de la utilizaci\u00f3n de sus contenidos.<\/p>\n\n        <\/div>\n    \n<\/section>\n\n<section class=\"container mx-auto py-10 2xl:px-0 xl:px-20 px-10\">\n            <h2 class=\"text-3xl sm:text-4xl lg:text-5xl xl:text-6xl 2xl:text-6xl text-foreground font-agrandir-light mb-6\">\n            Condiciones de uso\n        <\/h2>\n    \n            <div class=\"text-base mx-auto text-primary\">\n            <p>\u2013 El acceso y uso de la web atribuye la condici\u00f3n de usuario e implica la aceptaci\u00f3n plena de las presentes condiciones.<br \/>\n\u2013 El usuario se compromete a hacer un uso adecuado de los contenidos y servicios ofrecidos por GAMONAL SUITES y a no emplearlos para actividades il\u00edcitas o contrarias a la buena fe.<br \/>\n\u2013 TAPA, S.L. podr\u00e1 modificar en cualquier momento las condiciones aqu\u00ed expuestas.<\/p>\n\n        <\/div>\n    \n<\/section>\n\n<section class=\"container mx-auto py-10 2xl:px-0 xl:px-20 px-10\">\n            <h2 class=\"text-3xl sm:text-4xl lg:text-5xl xl:text-6xl 2xl:text-6xl text-foreground font-agrandir-light mb-6\">\n            Responsabilidad\n        <\/h2>\n    \n            <div class=\"text-base mx-auto text-primary\">\n            <p>\u2013 TAPA SL no garantiza la inexistencia de errores en el acceso a la web ni que los contenidos est\u00e9n actualizados.<br \/>\n\u2013 TAPA SL no se hace responsable de da\u00f1os derivados del mal uso de la web por parte del usuario ni de enlaces a sitios de terceros.<\/p>\n\n        <\/div>\n    \n<\/section>\n\n<section class=\"container mx-auto py-10 2xl:px-0 xl:px-20 px-10\">\n            <h2 class=\"text-3xl sm:text-4xl lg:text-5xl xl:text-6xl 2xl:text-6xl text-foreground font-agrandir-light mb-6\">\n            Propiedad intelectual e industrial\n        <\/h2>\n    \n            <div class=\"text-base mx-auto text-primary\">\n            <p>Todos los contenidos del sitio web, incluyendo textos, im\u00e1genes, gr\u00e1ficos, iconos, software, as\u00ed como su dise\u00f1o gr\u00e1fico y c\u00f3digos fuente, son propiedad de TAPA SL o de terceros. Queda prohibida su reproducci\u00f3n total o parcial sin autorizaci\u00f3n expresa.<\/p>\n\n        <\/div>\n    \n<\/section>\n\n<section class=\"container mx-auto py-10 2xl:px-0 xl:px-20 px-10\">\n            <h2 class=\"text-3xl sm:text-4xl lg:text-5xl xl:text-6xl 2xl:text-6xl text-foreground font-agrandir-light mb-6\">\n            Legislaci\u00f3n aplicable y jurisdicci\u00f3n\n        <\/h2>\n    \n            <div class=\"text-base mx-auto text-primary\">\n            <p>Este Aviso Legal se rige por la legislaci\u00f3n espa\u00f1ola. Para la resoluci\u00f3n de cualquier conflicto, el usuario se somete expresamente a los juzgados y tribunales de M\u00e1laga.<\/p>\n\n        <\/div>\n    \n<\/section>","protected":false},"excerpt":{"rendered":"","protected":false},"author":1,"featured_media":0,"parent":0,"menu_order":0,"comment_status":"closed","ping_status":"closed","template":"","meta":{"_acf_changed":false,"inline_featured_image":false,"footnotes":""},"class_list":["post-23","page","type-page","status-publish","hentry"],"acf":[],"_links":{"self":[{"href":"https:\/\/gamonalsuites.com\/es\/wp-json\/wp\/v2\/pages\/23","targetHints":{"allow":["GET"]}}],"collection":[{"href":"https:\/\/gamonalsuites.com\/es\/wp-json\/wp\/v2\/pages"}],"about":[{"href":"https:\/\/gamonalsuites.com\/es\/wp-json\/wp\/v2\/types\/page"}],"author":[{"embeddable":true,"href":"https:\/\/gamonalsuites.com\/es\/wp-json\/wp\/v2\/users\/1"}],"replies":[{"embeddable":true,"href":"https:\/\/gamonalsuites.com\/es\/wp-json\/wp\/v2\/comments?post=23"}],"version-history":[{"count":4,"href":"https:\/\/gamonalsuites.com\/es\/wp-json\/wp\/v2\/pages\/23\/revisions"}],"predecessor-version":[{"id":536,"href":"https:\/\/gamonalsuites.com\/es\/wp-json\/wp\/v2\/pages\/23\/revisions\/536"}],"wp:attachment":[{"href":"https:\/\/gamonalsuites.com\/es\/wp-json\/wp\/v2\/media?parent=23"}],"curies":[{"name":"wp","href":"https:\/\/api.w.org\/{rel}","templated":true}]}}