{"id":25,"date":"2025-11-14T17:52:15","date_gmt":"2025-11-14T16:52:15","guid":{"rendered":"http:\/\/gamonal.test\/?page_id=25"},"modified":"2026-01-14T12:46:58","modified_gmt":"2026-01-14T11:46:58","slug":"politica-de-privacidad","status":"publish","type":"page","link":"https:\/\/gamonalsuites.com\/es\/politica-de-privacidad\/","title":{"rendered":"Pol\u00edtica de privacidad"},"content":{"rendered":"<section id=\"booking\" class=\"w-full h-[50vh] lg:h-[80vh] xl:h-[70vh] relative flex items-center justify-center overflow-hidden\">\n\n    <div class=\"w-full h-full swiper-hero overflow-hidden\">\n        <div class=\"swiper-wrapper\">\n                            <div class=\"swiper-slide\">\n                    <div class=\"flex flex-col items-center justify-center gap-2 xl:gap-10 w-full h-full bg-center bg-cover xl:pb-72 2xl:pb-60 xl:pt-64 2xl:pt-40 relative text-center\"\n                        style=\"background-image: url('https:\/\/gamonalsuites.com\/wp-content\/uploads\/2025\/12\/P1130639.webp');\">\n\n                                                                                    <h1\n                                    class=\"z-10 title-mix white text-3xl sm:text-4xl lg:text-5xl text-white font-agrandir-light\">\n                                    <p>Pol\u00edtica de<\/p>\n<p><em>privacidad<\/em><\/p>\n<\/h1>\n                                                    \n                        <div class=\"bg-primary\/10 w-full h-full absolute top-0 left-0 pointer-events-none select-none\">\n                        <\/div>\n                    <\/div>\n                <\/div>\n                    <\/div>\n    <\/div>\n\n    <div class=\"absolute bottom-4 sm:bottom-6 xl:bottom-10 z-10 flex flex-col items-center justify-center gap-4 xl:gap-6 px-4 sm:px-6 xl:px-10 2xl:px-32 w-full\">\n\n        <div class=\"flex items-center justify-center\">\n            <div class=\"swiper-hero-pagination\"><\/div>\n        <\/div>\n\n            <\/div>\n<\/section>\n\n            <nav\n            class=\"flex flex-col items-start justify-center py-4 max-w-sm sm:max-w-2xl lg:max-w-4xl xl:max-w-5xl 2xl:max-w-screen-2xl mx-auto gap-20 w-full text-xs sm:text-sm xl:text-base\">\n            <ul class=\"flex flex-row gap-2 items-center font-merry\">\n                                    <li class=\"flex items-center\">\n                                                    <a href=\"https:\/\/gamonalsuites.com\/es\/\"\n                                class=\"text-primary hover:underline\">Gamonal<\/a>\n                        \n                                            <\/li>\n                            <\/ul>\n        <\/nav>\n    \n\n<section class=\"container mx-auto py-10 2xl:px-0 xl:px-20 px-10\">\n    \n            <div class=\"text-base mx-auto text-primary\">\n            <p>En GAMONAL SUITES, marca gestionada por TAPA S.L. (en adelante \u201cTAPA SL\u201d), nos comprometemos a proteger la privacidad de nuestros clientes y usuarios, cumpliendo con la normativa vigente en materia de protecci\u00f3n de datos personales: el Reglamento (UE) 2016\/679 (RGPD) y la Ley Org\u00e1nica 3\/2018 (LOPDGDD).<\/p>\n\n        <\/div>\n    \n<\/section>\n\n<section class=\"container mx-auto py-10 2xl:px-0 xl:px-20 px-10\">\n            <h2 class=\"text-3xl sm:text-4xl lg:text-5xl xl:text-6xl 2xl:text-6xl text-foreground font-agrandir-light mb-6\">\n            Responsable del tratamiento\n        <\/h2>\n    \n            <div class=\"text-base mx-auto text-primary\">\n            <p>Raz\u00f3n social: TAPA S.L.<br \/>\nCIF: B41795311<br \/>\nDomicilio social: Av. J.L. Peralta 49 Benalmadena 29639<br \/>\nEmail de contacto: booking@gamonalsuites.com<\/p>\n\n        <\/div>\n    \n<\/section>\n\n<section class=\"container mx-auto py-10 2xl:px-0 xl:px-20 px-10\">\n            <h2 class=\"text-3xl sm:text-4xl lg:text-5xl xl:text-6xl 2xl:text-6xl text-foreground font-agrandir-light mb-6\">\n            Finalidad del tratamiento\n        <\/h2>\n    \n            <div class=\"text-base mx-auto text-primary\">\n            <p>\u2013 Gestionar reservas, estancias y servicios contratados.<br \/>\n\u2013 Atender consultas o solicitudes realizadas a trav\u00e9s de nuestros canales de contacto.<br \/>\n\u2013 Enviar comunicaciones comerciales sobre alojamientos, promociones y novedades de GAMONAL SUITES (cuando exista consentimiento).<br \/>\n\u2013 Cumplir con las obligaciones legales, contables y fiscales aplicables.<\/p>\n\n        <\/div>\n    \n<\/section>\n\n<section class=\"container mx-auto py-10 2xl:px-0 xl:px-20 px-10\">\n            <h2 class=\"text-3xl sm:text-4xl lg:text-5xl xl:text-6xl 2xl:text-6xl text-foreground font-agrandir-light mb-6\">\n            Legitimaci\u00f3n\n        <\/h2>\n    \n            <div class=\"text-base mx-auto text-primary\">\n            <p>La base legal para el tratamiento de sus datos es:<br \/>\n\u2013 Ejecuci\u00f3n de un contrato: gesti\u00f3n de reservas y prestaci\u00f3n de servicios de alojamiento.<br \/>\n\u2013 Consentimiento del interesado: env\u00edo de comunicaciones comerciales y newsletters.<br \/>\n\u2013 Cumplimiento de obligaciones legales: normativa fiscal, de seguridad y tur\u00edstica.<\/p>\n\n        <\/div>\n    \n<\/section>\n\n<section class=\"container mx-auto py-10 2xl:px-0 xl:px-20 px-10\">\n            <h2 class=\"text-3xl sm:text-4xl lg:text-5xl xl:text-6xl 2xl:text-6xl text-foreground font-agrandir-light mb-6\">\n            Conservaci\u00f3n de los datos\n        <\/h2>\n    \n            <div class=\"text-base mx-auto text-primary\">\n            <p>Los datos se conservar\u00e1n durante el tiempo necesario para cumplir con la finalidad por la que fueron recogidos, y posteriormente mientras exista alguna obligaci\u00f3n legal que exija su conservaci\u00f3n.<\/p>\n\n        <\/div>\n    \n<\/section>\n\n<section class=\"container mx-auto py-10 2xl:px-0 xl:px-20 px-10\">\n            <h2 class=\"text-3xl sm:text-4xl lg:text-5xl xl:text-6xl 2xl:text-6xl text-foreground font-agrandir-light mb-6\">\n            Cesi\u00f3n de datos\n        <\/h2>\n    \n            <div class=\"text-base mx-auto text-primary\">\n            <p>Sus datos no se vender\u00e1n ni se ceder\u00e1n a terceros en ning\u00fan caso.<br \/>\n\u00danicamente se compartir\u00e1n con:<br \/>\n\u2013 Proveedores de servicios necesarios para la ejecuci\u00f3n de la reserva (ej. pasarelas de pago, software de gesti\u00f3n hotelera, soporte t\u00e9cnico).<br \/>\n\u2013 Administraciones p\u00fablicas cuando as\u00ed lo exija la normativa legal.<\/p>\n\n        <\/div>\n    \n<\/section>\n\n<section class=\"container mx-auto py-10 2xl:px-0 xl:px-20 px-10\">\n            <h2 class=\"text-3xl sm:text-4xl lg:text-5xl xl:text-6xl 2xl:text-6xl text-foreground font-agrandir-light mb-6\">\n            Derechos del usuario\n        <\/h2>\n    \n            <div class=\"text-base mx-auto text-primary\">\n            <p>Usted puede ejercer en cualquier momento sus derechos de acceso, rectificaci\u00f3n, supresi\u00f3n, oposici\u00f3n, limitaci\u00f3n y portabilidad enviando una solicitud a:<br \/>\n\u2013 Email: booking@gamonalsuites.com<br \/>\n\u2013 Direcci\u00f3n postal: Av. J.L. Peralta 49 Benalmadena 29639<br \/>\nAsimismo, tiene derecho a presentar una reclamaci\u00f3n ante la Agencia Espa\u00f1ola de Protecci\u00f3n de Datos (AEPD) si considera que se han vulnerado sus derechos.<\/p>\n\n        <\/div>\n    \n<\/section>\n\n<section class=\"container mx-auto py-10 2xl:px-0 xl:px-20 px-10\">\n            <h2 class=\"text-3xl sm:text-4xl lg:text-5xl xl:text-6xl 2xl:text-6xl text-foreground font-agrandir-light mb-6\">\n            Seguridad\n        <\/h2>\n    \n            <div class=\"text-base mx-auto text-primary\">\n            <p>TAPA, S.L. aplica medidas t\u00e9cnicas y organizativas adecuadas para proteger los datos personales frente a accesos no autorizados, p\u00e9rdida o alteraci\u00f3n.<\/p>\n\n        <\/div>\n    \n<\/section>\n\n<section class=\"container mx-auto py-10 2xl:px-0 xl:px-20 px-10\">\n            <h2 class=\"text-3xl sm:text-4xl lg:text-5xl xl:text-6xl 2xl:text-6xl text-foreground font-agrandir-light mb-6\">\n            Actualizaci\u00f3n de la pol\u00edtica\n        <\/h2>\n    \n            <div class=\"text-base mx-auto text-primary\">\n            <p>Nos reservamos el derecho a modificar la presente pol\u00edtica de privacidad para adaptarla a cambios legislativos, jurisprudenciales o de nuestros procesos internos. La versi\u00f3n vigente estar\u00e1 siempre publicada en nuestra web.<\/p>\n\n        <\/div>\n    \n<\/section>","protected":false},"excerpt":{"rendered":"","protected":false},"author":1,"featured_media":0,"parent":0,"menu_order":0,"comment_status":"closed","ping_status":"closed","template":"","meta":{"_acf_changed":false,"inline_featured_image":false,"footnotes":""},"class_list":["post-25","page","type-page","status-publish","hentry"],"acf":[],"_links":{"self":[{"href":"https:\/\/gamonalsuites.com\/es\/wp-json\/wp\/v2\/pages\/25","targetHints":{"allow":["GET"]}}],"collection":[{"href":"https:\/\/gamonalsuites.com\/es\/wp-json\/wp\/v2\/pages"}],"about":[{"href":"https:\/\/gamonalsuites.com\/es\/wp-json\/wp\/v2\/types\/page"}],"author":[{"embeddable":true,"href":"https:\/\/gamonalsuites.com\/es\/wp-json\/wp\/v2\/users\/1"}],"replies":[{"embeddable":true,"href":"https:\/\/gamonalsuites.com\/es\/wp-json\/wp\/v2\/comments?post=25"}],"version-history":[{"count":5,"href":"https:\/\/gamonalsuites.com\/es\/wp-json\/wp\/v2\/pages\/25\/revisions"}],"predecessor-version":[{"id":534,"href":"https:\/\/gamonalsuites.com\/es\/wp-json\/wp\/v2\/pages\/25\/revisions\/534"}],"wp:attachment":[{"href":"https:\/\/gamonalsuites.com\/es\/wp-json\/wp\/v2\/media?parent=25"}],"curies":[{"name":"wp","href":"https:\/\/api.w.org\/{rel}","templated":true}]}}